{"id":4051,"date":"2023-10-15T13:20:38","date_gmt":"2023-10-15T13:20:38","guid":{"rendered":"https:\/\/www.bakaadvent.com\/?page_id=4051"},"modified":"2023-10-16T05:18:46","modified_gmt":"2023-10-16T05:18:46","slug":"marketing-oglasavanje","status":"publish","type":"page","link":"https:\/\/www.bakaadvent.com\/index.php\/marketing-oglasavanje\/","title":{"rendered":"Marketing &#8211; ogla\u0161avanje"},"content":{"rendered":"\n<p>Po\u0161tovani,<\/p>\n\n\n\n<p>\u017eelja nam je ovim putem upoznati Vas s idejom i sadr\u017eajem stranice&nbsp;<a href=\"http:\/\/bakaadvent.com\/\" target=\"_blank\" rel=\"noreferrer noopener\">bakaadvent.com<\/a>&nbsp;te pozvati na poslovnu suradnju.<\/p>\n\n\n\n<p>Web stranica&nbsp;<a href=\"http:\/\/bakaadvent.com\/\" target=\"_blank\" rel=\"noreferrer noopener\">bakaadvent.com<\/a>&nbsp;posve\u0107ena je u najve\u0107oj mjeri djeci i roditeljima te svakodnevno donosi sadr\u017eaje s tematikom namjenjenoj ovoj populaciji.<\/p>\n\n\n\n<p>Uz to va\u017ean dio na\u0161ih akivnosti su i pokloni kojima redovito darujemo na\u0161e pratitelje na web-u, Facebooku, Instagramu i youtube-u.<\/p>\n\n\n\n<p>Stranica&nbsp;<a href=\"http:\/\/bakaadvent.com\/\" target=\"_blank\" rel=\"noreferrer noopener\">bakaadvent.com<\/a>&nbsp;je do sad darivala preko 100 poklona namjenjenih djeci u \u0161to se mo\u017eete uvjeriti na na\u0161oj youtube stranici na kojoj redovito objavljujemo dobitnike poklona na krajnje transparentan na\u010din.<\/p>\n\n\n\n<p>Na\u0161im poklonima obradovali smo ve\u0107 brojnu djecu, roditelje i bake te pozivamo i vas da nam se u tome pridru\u017eite kroz marketing pod nazivom PRIJATELJI BAKE ADVENT. Smatramo da bi vezivanj va\u0161e tvrtke (brenda) uz ovakav sadr\u017eaj dodatno doprinjelo pozitvnom imageu kod naj\u0161ire publike. Kroz poslovnu suadnj s Vama mogli bismo slati jo\u0161 vi\u0161e poklona te razveseliti jo\u0161 ve\u0107i broj djece.<\/p>\n\n\n\n<p>Nadamo se da \u0107ete prepoznati sve benefite za Va\u015bu tvrtku (brend) kroz ovu poslovnu suradnju te postati dio svijeta Bake Advent.<\/p>\n\n\n\n<p>Stojimo Vam na raspolaganju za sve Va\u0161e upite i eventualne druge prijedloge za poslovnu suradnju<\/p>\n\n\n\n<p>kontakt<\/p>\n\n\n\n<p>bakaadvent@gmail.com<\/p>\n","protected":false},"excerpt":{"rendered":"<p>Po\u0161tovani, \u017eelja nam je ovim putem upoznati Vas s idejom i sadr\u017eajem stranice&nbsp;bakaadvent.com&nbsp;te pozvati na poslovnu suradnju. Web stranica&nbsp;bakaadvent.com&nbsp;posve\u0107ena je u najve\u0107oj mjeri djeci i roditeljima te svakodnevno donosi sadr\u017eaje s tematikom namjenjenoj ovoj populaciji&#8230;.<\/p>\n","protected":false},"author":1,"featured_media":0,"parent":0,"menu_order":0,"comment_status":"closed","ping_status":"closed","template":"","meta":{"footnotes":""},"class_list":["post-4051","page","type-page","status-publish","hentry"],"_links":{"self":[{"href":"https:\/\/www.bakaadvent.com\/index.php\/wp-json\/wp\/v2\/pages\/4051","targetHints":{"allow":["GET"]}}],"collection":[{"href":"https:\/\/www.bakaadvent.com\/index.php\/wp-json\/wp\/v2\/pages"}],"about":[{"href":"https:\/\/www.bakaadvent.com\/index.php\/wp-json\/wp\/v2\/types\/page"}],"author":[{"embeddable":true,"href":"https:\/\/www.bakaadvent.com\/index.php\/wp-json\/wp\/v2\/users\/1"}],"replies":[{"embeddable":true,"href":"https:\/\/www.bakaadvent.com\/index.php\/wp-json\/wp\/v2\/comments?post=4051"}],"version-history":[{"count":3,"href":"https:\/\/www.bakaadvent.com\/index.php\/wp-json\/wp\/v2\/pages\/4051\/revisions"}],"predecessor-version":[{"id":4068,"href":"https:\/\/www.bakaadvent.com\/index.php\/wp-json\/wp\/v2\/pages\/4051\/revisions\/4068"}],"wp:attachment":[{"href":"https:\/\/www.bakaadvent.com\/index.php\/wp-json\/wp\/v2\/media?parent=4051"}],"curies":[{"name":"wp","href":"https:\/\/api.w.org\/{rel}","templated":true}]}}